{"id":13,"date":"2021-10-22T11:38:43","date_gmt":"2021-10-22T09:38:43","guid":{"rendered":"https:\/\/logisticssummit.de\/packages\/?post_type=product&#038;p=13"},"modified":"2025-11-14T14:52:29","modified_gmt":"2025-11-14T13:52:29","slug":"sponsored-lunch","status":"publish","type":"product","link":"https:\/\/procurementsummit.de\/booking\/shop\/sponsored-lunch\/","title":{"rendered":"Sponsored Lunch"},"content":{"rendered":"<p>Sponsored Lunches finden w\u00e4hrend der Mittagspausen der beiden Tage des Procurement &#038; Sustainability Summit statt. Das Lokal wird fu\u00dfl\u00e4ufig zu der Veranstaltungslocation zu erreichen sein und erm\u00f6glicht Euch ein wertvolles und exklusives Mittagessen mit bis zu 30 G\u00e4sten Eurer Wahl.<\/p>\n<p>Ihr k\u00f6nnt Euer Event mit einer Rede er\u00f6ffnen und ggf. eine kurze Pr\u00e4sentation halten. Wir k\u00fcmmern uns um die entsprechende Technik.<\/p>\n<p>Speisen und Getr\u00e4nke sind enthalten.<\/p>\n","protected":false},"excerpt":{"rendered":"<p>Sponsored Lunches finden w\u00e4hrend der Mittagspausen der beiden Tage des Procurement &#038; Sustainability Summit statt. Das Lokal wird fu\u00dfl\u00e4ufig zu der Veranstaltungslocation zu erreichen sein und erm\u00f6glicht Euch ein wertvolles und exklusives Mittagessen mit bis zu 30 G\u00e4sten Eurer Wahl. Ihr k\u00f6nnt Euer Event mit einer Rede er\u00f6ffnen und ggf. eine kurze Pr\u00e4sentation halten. Wir&hellip; <a class=\"more-link\" href=\"https:\/\/procurementsummit.de\/booking\/shop\/sponsored-lunch\/\"><span class=\"screen-reader-text\">Sponsored Lunch<\/span> weiterlesen<\/a><\/p>\n","protected":false},"featured_media":80,"comment_status":"open","ping_status":"closed","template":"","meta":[],"product_brand":[],"product_cat":[15],"product_tag":[],"class_list":{"0":"post-13","1":"product","2":"type-product","3":"status-publish","4":"has-post-thumbnail","6":"product_cat-sales-networking","7":"entry","9":"first","10":"instock","11":"sold-individually","12":"taxable","13":"shipping-taxable","14":"purchasable","15":"product-type-simple"},"_links":{"self":[{"href":"https:\/\/procurementsummit.de\/booking\/wp-json\/wp\/v2\/product\/13","targetHints":{"allow":["GET"]}}],"collection":[{"href":"https:\/\/procurementsummit.de\/booking\/wp-json\/wp\/v2\/product"}],"about":[{"href":"https:\/\/procurementsummit.de\/booking\/wp-json\/wp\/v2\/types\/product"}],"replies":[{"embeddable":true,"href":"https:\/\/procurementsummit.de\/booking\/wp-json\/wp\/v2\/comments?post=13"}],"wp:featuredmedia":[{"embeddable":true,"href":"https:\/\/procurementsummit.de\/booking\/wp-json\/wp\/v2\/media\/80"}],"wp:attachment":[{"href":"https:\/\/procurementsummit.de\/booking\/wp-json\/wp\/v2\/media?parent=13"}],"wp:term":[{"taxonomy":"product_brand","embeddable":true,"href":"https:\/\/procurementsummit.de\/booking\/wp-json\/wp\/v2\/product_brand?post=13"},{"taxonomy":"product_cat","embeddable":true,"href":"https:\/\/procurementsummit.de\/booking\/wp-json\/wp\/v2\/product_cat?post=13"},{"taxonomy":"product_tag","embeddable":true,"href":"https:\/\/procurementsummit.de\/booking\/wp-json\/wp\/v2\/product_tag?post=13"}],"curies":[{"name":"wp","href":"https:\/\/api.w.org\/{rel}","templated":true}]}}