{"id":19,"date":"2021-10-22T11:45:51","date_gmt":"2021-10-22T09:45:51","guid":{"rendered":"https:\/\/logisticssummit.de\/packages\/?post_type=product&#038;p=19"},"modified":"2025-07-02T10:58:39","modified_gmt":"2025-07-02T08:58:39","slug":"basis-paket","status":"publish","type":"product","link":"https:\/\/procurementsummit.de\/booking\/shop\/basis-paket\/","title":{"rendered":"Basis Paket"},"content":{"rendered":"<ul>\n<li>5 Konferenz- und 2 VIP-Tickets (Zutritt zu allen Veranstaltungen im Rahmen des Procurement Summit, auch das VIP Speakers-Dinner) = Wert \u00fcber 6000 EUR<\/li>\n<li>Auff\u00fchrung als Aussteller (auf der Website und anderen Werbematerialien)<\/li>\n<li>Zugriff auf die Liste der Teilnehmenden (regelm\u00e4\u00dfige Zusendung der aktuellsten Liste der Teilnehmenden, ohne E-Mail-Adressen)<\/li>\n<li>6 m\u00b2 Messestandfl\u00e4che inkl. mit Eurem Design bedruckter R\u00fcckwand als festem Bestandteil des Paketes (3 m Breite, Motiv-Lieferung durch Euch)<\/li>\n<li>1x Namensschild-Scan f\u00fcr Leadliste mittels der Procurement Summit App<\/li>\n<\/ul>\n","protected":false},"excerpt":{"rendered":"<p>5 Konferenz- und 2 VIP-Tickets (Zutritt zu allen Veranstaltungen im Rahmen des Procurement Summit, auch das VIP Speakers-Dinner) = Wert \u00fcber 6000 EUR Auff\u00fchrung als Aussteller (auf der Website und anderen Werbematerialien) Zugriff auf die Liste der Teilnehmenden (regelm\u00e4\u00dfige Zusendung der aktuellsten Liste der Teilnehmenden, ohne E-Mail-Adressen) 6 m\u00b2 Messestandfl\u00e4che inkl. mit Eurem Design bedruckter&hellip; <a class=\"more-link\" href=\"https:\/\/procurementsummit.de\/booking\/shop\/basis-paket\/\"><span class=\"screen-reader-text\">Basis Paket<\/span> weiterlesen<\/a><\/p>\n","protected":false},"featured_media":38,"comment_status":"open","ping_status":"closed","template":"","meta":[],"product_brand":[],"product_cat":[16],"product_tag":[],"class_list":{"0":"post-19","1":"product","2":"type-product","3":"status-publish","4":"has-post-thumbnail","6":"product_cat-pakete","7":"entry","9":"first","10":"instock","11":"sold-individually","12":"taxable","13":"shipping-taxable","14":"purchasable","15":"product-type-simple"},"_links":{"self":[{"href":"https:\/\/procurementsummit.de\/booking\/wp-json\/wp\/v2\/product\/19","targetHints":{"allow":["GET"]}}],"collection":[{"href":"https:\/\/procurementsummit.de\/booking\/wp-json\/wp\/v2\/product"}],"about":[{"href":"https:\/\/procurementsummit.de\/booking\/wp-json\/wp\/v2\/types\/product"}],"replies":[{"embeddable":true,"href":"https:\/\/procurementsummit.de\/booking\/wp-json\/wp\/v2\/comments?post=19"}],"wp:featuredmedia":[{"embeddable":true,"href":"https:\/\/procurementsummit.de\/booking\/wp-json\/wp\/v2\/media\/38"}],"wp:attachment":[{"href":"https:\/\/procurementsummit.de\/booking\/wp-json\/wp\/v2\/media?parent=19"}],"wp:term":[{"taxonomy":"product_brand","embeddable":true,"href":"https:\/\/procurementsummit.de\/booking\/wp-json\/wp\/v2\/product_brand?post=19"},{"taxonomy":"product_cat","embeddable":true,"href":"https:\/\/procurementsummit.de\/booking\/wp-json\/wp\/v2\/product_cat?post=19"},{"taxonomy":"product_tag","embeddable":true,"href":"https:\/\/procurementsummit.de\/booking\/wp-json\/wp\/v2\/product_tag?post=19"}],"curies":[{"name":"wp","href":"https:\/\/api.w.org\/{rel}","templated":true}]}}