{"id":478,"date":"2024-10-30T15:51:55","date_gmt":"2024-10-30T14:51:55","guid":{"rendered":"https:\/\/procurementsummit.de\/booking\/?post_type=product&#038;p=478"},"modified":"2025-12-17T12:07:52","modified_gmt":"2025-12-17T11:07:52","slug":"cocktailbar","status":"publish","type":"product","link":"https:\/\/procurementsummit.de\/booking\/shop\/cocktailbar\/","title":{"rendered":"Cocktailbar"},"content":{"rendered":"<p>Generiert eine herausragende Sichtbarkeit und Kontaktm\u00f6glichkeiten in unserem Messebereich mit unserer Cocktailbar.<\/p>\n<p>Gr\u00f6\u00dfe ca. 6 m\u00b2, inkl. Equipment, Cocktailbar und Personal. Die Cocktailbar wird am 24.06.2026 von 18-21 Uhr mit 550 Portionen w\u00e4hrend der After Show Lounge zur Verf\u00fcgung gestellt. Portionen, die dar\u00fcber hinaus ausgegeben werden, m\u00fcssen vom Aussteller getragen werden.<\/p>\n<p>Die Cocktailbar ist somit ein perfekter Besuchermagnet.<\/p>\n","protected":false},"excerpt":{"rendered":"<p>Generiert eine herausragende Sichtbarkeit und Kontaktm\u00f6glichkeiten in unserem Messebereich mit unserer Cocktailbar. Gr\u00f6\u00dfe ca. 6 m\u00b2, inkl. Equipment, Cocktailbar und Personal. Die Cocktailbar wird am 24.06.2026 von 18-21 Uhr mit 550 Portionen w\u00e4hrend der After Show Lounge zur Verf\u00fcgung gestellt. Portionen, die dar\u00fcber hinaus ausgegeben werden, m\u00fcssen vom Aussteller getragen werden. Die Cocktailbar ist somit&hellip; <a class=\"more-link\" href=\"https:\/\/procurementsummit.de\/booking\/shop\/cocktailbar\/\"><span class=\"screen-reader-text\">Cocktailbar<\/span> weiterlesen<\/a><\/p>\n","protected":false},"featured_media":479,"comment_status":"open","ping_status":"closed","template":"","meta":[],"product_brand":[],"product_cat":[17],"product_tag":[],"class_list":{"0":"post-478","1":"product","2":"type-product","3":"status-publish","4":"has-post-thumbnail","6":"product_cat-branding","7":"entry","9":"first","10":"instock","11":"sold-individually","12":"taxable","13":"shipping-taxable","14":"purchasable","15":"product-type-simple"},"_links":{"self":[{"href":"https:\/\/procurementsummit.de\/booking\/wp-json\/wp\/v2\/product\/478","targetHints":{"allow":["GET"]}}],"collection":[{"href":"https:\/\/procurementsummit.de\/booking\/wp-json\/wp\/v2\/product"}],"about":[{"href":"https:\/\/procurementsummit.de\/booking\/wp-json\/wp\/v2\/types\/product"}],"replies":[{"embeddable":true,"href":"https:\/\/procurementsummit.de\/booking\/wp-json\/wp\/v2\/comments?post=478"}],"wp:featuredmedia":[{"embeddable":true,"href":"https:\/\/procurementsummit.de\/booking\/wp-json\/wp\/v2\/media\/479"}],"wp:attachment":[{"href":"https:\/\/procurementsummit.de\/booking\/wp-json\/wp\/v2\/media?parent=478"}],"wp:term":[{"taxonomy":"product_brand","embeddable":true,"href":"https:\/\/procurementsummit.de\/booking\/wp-json\/wp\/v2\/product_brand?post=478"},{"taxonomy":"product_cat","embeddable":true,"href":"https:\/\/procurementsummit.de\/booking\/wp-json\/wp\/v2\/product_cat?post=478"},{"taxonomy":"product_tag","embeddable":true,"href":"https:\/\/procurementsummit.de\/booking\/wp-json\/wp\/v2\/product_tag?post=478"}],"curies":[{"name":"wp","href":"https:\/\/api.w.org\/{rel}","templated":true}]}}