{"id":486,"date":"2024-10-30T16:04:38","date_gmt":"2024-10-30T15:04:38","guid":{"rendered":"https:\/\/procurementsummit.de\/booking\/shop\/popcornmaschine\/"},"modified":"2024-10-30T16:06:30","modified_gmt":"2024-10-30T15:06:30","slug":"popcornmaschine","status":"publish","type":"product","link":"https:\/\/procurementsummit.de\/booking\/shop\/popcornmaschine\/","title":{"rendered":"Popcornmaschine"},"content":{"rendered":"<div class=\"spProductInfo__txt\">\n<p>Generiert eine herausragende Sichtbarkeit und Kontaktm\u00f6glichkeiten in unserem Messebereich mit unserer Popcornmaschine.<\/p>\n<\/div>\n<div class=\"spProductInfo__meta\">\n<div class=\"summary entry-summary\">\n<div class=\"spProductPrice__title\">\n<p>Gr\u00f6\u00dfe ca. 6 m\u00b2, inkl. M\u00f6bel, Popcornmaschine und Personal. Es werden 500 Portionen pro Tag zur Verf\u00fcgung gestellt.<\/p>\n<p>Die Popcornmaschine wird in euren Stand integriert und ist somit ein perfekter Besuchermagnet.<\/p>\n<\/div>\n<\/div>\n<\/div>\n","protected":false},"excerpt":{"rendered":"<p>Generiert eine herausragende Sichtbarkeit und Kontaktm\u00f6glichkeiten in unserem Messebereich mit unserer Popcornmaschine. Gr\u00f6\u00dfe ca. 6 m\u00b2, inkl. M\u00f6bel, Popcornmaschine und Personal. Es werden 500 Portionen pro Tag zur Verf\u00fcgung gestellt. Die Popcornmaschine wird in euren Stand integriert und ist somit ein perfekter Besuchermagnet.<\/p>\n","protected":false},"featured_media":485,"comment_status":"closed","ping_status":"closed","template":"","meta":[],"product_brand":[],"product_cat":[17],"product_tag":[],"class_list":{"0":"post-486","1":"product","2":"type-product","3":"status-publish","4":"has-post-thumbnail","6":"product_cat-branding","7":"entry","9":"first","10":"outofstock","11":"sold-individually","12":"taxable","13":"shipping-taxable","14":"purchasable","15":"product-type-simple"},"_links":{"self":[{"href":"https:\/\/procurementsummit.de\/booking\/wp-json\/wp\/v2\/product\/486","targetHints":{"allow":["GET"]}}],"collection":[{"href":"https:\/\/procurementsummit.de\/booking\/wp-json\/wp\/v2\/product"}],"about":[{"href":"https:\/\/procurementsummit.de\/booking\/wp-json\/wp\/v2\/types\/product"}],"replies":[{"embeddable":true,"href":"https:\/\/procurementsummit.de\/booking\/wp-json\/wp\/v2\/comments?post=486"}],"wp:featuredmedia":[{"embeddable":true,"href":"https:\/\/procurementsummit.de\/booking\/wp-json\/wp\/v2\/media\/485"}],"wp:attachment":[{"href":"https:\/\/procurementsummit.de\/booking\/wp-json\/wp\/v2\/media?parent=486"}],"wp:term":[{"taxonomy":"product_brand","embeddable":true,"href":"https:\/\/procurementsummit.de\/booking\/wp-json\/wp\/v2\/product_brand?post=486"},{"taxonomy":"product_cat","embeddable":true,"href":"https:\/\/procurementsummit.de\/booking\/wp-json\/wp\/v2\/product_cat?post=486"},{"taxonomy":"product_tag","embeddable":true,"href":"https:\/\/procurementsummit.de\/booking\/wp-json\/wp\/v2\/product_tag?post=486"}],"curies":[{"name":"wp","href":"https:\/\/api.w.org\/{rel}","templated":true}]}}