{"id":488,"date":"2024-10-30T16:20:26","date_gmt":"2024-10-30T15:20:26","guid":{"rendered":"https:\/\/procurementsummit.de\/booking\/?post_type=product&#038;p=488"},"modified":"2025-07-02T11:13:55","modified_gmt":"2025-07-02T09:13:55","slug":"sponsored-power-bank","status":"publish","type":"product","link":"https:\/\/procurementsummit.de\/booking\/shop\/sponsored-power-bank\/","title":{"rendered":"Sponsored Power Bank"},"content":{"rendered":"<p>Versehen Sie die Power Banks mit Ihrem Logo, die wir an unsere Besucher am \u2018Point of Power Banks\u2019 herausgeben.<\/p>\n<p>Irgendwann muss jedes elektronische Ger\u00e4t geladen werden. Die Besucher nehmen die Power Banks anschlie\u00dfend mit nach Hause.<\/p>\n<p>Eine Brandingm\u00f6glichkeit, welche \u00fcber das Event hinaus mit ins Zuhause der Besucher wirken wird!<\/p>\n","protected":false},"excerpt":{"rendered":"<p>Versehen Sie die Power Banks mit Ihrem Logo, die wir an unsere Besucher am \u2018Point of Power Banks\u2019 herausgeben. Irgendwann muss jedes elektronische Ger\u00e4t geladen werden. Die Besucher nehmen die Power Banks anschlie\u00dfend mit nach Hause. Eine Brandingm\u00f6glichkeit, welche \u00fcber das Event hinaus mit ins Zuhause der Besucher wirken wird!<\/p>\n","protected":false},"featured_media":489,"comment_status":"open","ping_status":"closed","template":"","meta":[],"product_brand":[],"product_cat":[17],"product_tag":[],"class_list":{"0":"post-488","1":"product","2":"type-product","3":"status-publish","4":"has-post-thumbnail","6":"product_cat-branding","7":"entry","9":"first","10":"instock","11":"sold-individually","12":"taxable","13":"shipping-taxable","14":"purchasable","15":"product-type-simple"},"_links":{"self":[{"href":"https:\/\/procurementsummit.de\/booking\/wp-json\/wp\/v2\/product\/488","targetHints":{"allow":["GET"]}}],"collection":[{"href":"https:\/\/procurementsummit.de\/booking\/wp-json\/wp\/v2\/product"}],"about":[{"href":"https:\/\/procurementsummit.de\/booking\/wp-json\/wp\/v2\/types\/product"}],"replies":[{"embeddable":true,"href":"https:\/\/procurementsummit.de\/booking\/wp-json\/wp\/v2\/comments?post=488"}],"wp:featuredmedia":[{"embeddable":true,"href":"https:\/\/procurementsummit.de\/booking\/wp-json\/wp\/v2\/media\/489"}],"wp:attachment":[{"href":"https:\/\/procurementsummit.de\/booking\/wp-json\/wp\/v2\/media?parent=488"}],"wp:term":[{"taxonomy":"product_brand","embeddable":true,"href":"https:\/\/procurementsummit.de\/booking\/wp-json\/wp\/v2\/product_brand?post=488"},{"taxonomy":"product_cat","embeddable":true,"href":"https:\/\/procurementsummit.de\/booking\/wp-json\/wp\/v2\/product_cat?post=488"},{"taxonomy":"product_tag","embeddable":true,"href":"https:\/\/procurementsummit.de\/booking\/wp-json\/wp\/v2\/product_tag?post=488"}],"curies":[{"name":"wp","href":"https:\/\/api.w.org\/{rel}","templated":true}]}}