{"id":495,"date":"2024-11-01T17:16:02","date_gmt":"2024-11-01T16:16:02","guid":{"rendered":"https:\/\/procurementsummit.de\/booking\/?post_type=product&#038;p=495"},"modified":"2025-02-25T09:02:43","modified_gmt":"2025-02-25T08:02:43","slug":"mac-n-cheese","status":"publish","type":"product","link":"https:\/\/procurementsummit.de\/booking\/shop\/mac-n-cheese\/","title":{"rendered":"Mac&#8216; n Cheese"},"content":{"rendered":"<p>Hebt Euren Stand auf das n\u00e4chste Level mit einer Mac&#8217;n Cheese Station! Unsere Profis bereiten vor Ort k\u00f6stlichen, cremigen Mac&#8217;n Cheese f\u00fcr Eure Besucher zu.<\/p>\n<p>Ben\u00f6tigte Fl\u00e4che: ca. 6 m\u00b2, inklusive M\u00f6bel, Zubereitungsstation und geschultem Personal.<\/p>\n<p>Die Mac&#8217;n Cheese Station wird nahtlos in Euren Stand integriert und ist damit ein wahrer Publikumsmagnet!<\/p>\n","protected":false},"excerpt":{"rendered":"<p>Hebt Euren Stand auf das n\u00e4chste Level mit einer Mac&#8217;n Cheese Station! Unsere Profis bereiten vor Ort k\u00f6stlichen, cremigen Mac&#8217;n Cheese f\u00fcr Eure Besucher zu. Ben\u00f6tigte Fl\u00e4che: ca. 6 m\u00b2, inklusive M\u00f6bel, Zubereitungsstation und geschultem Personal. Die Mac&#8217;n Cheese Station wird nahtlos in Euren Stand integriert und ist damit ein wahrer Publikumsmagnet!<\/p>\n","protected":false},"featured_media":498,"comment_status":"open","ping_status":"closed","template":"","meta":[],"product_brand":[],"product_cat":[17],"product_tag":[],"class_list":{"0":"post-495","1":"product","2":"type-product","3":"status-publish","4":"has-post-thumbnail","6":"product_cat-branding","7":"entry","9":"first","10":"instock","11":"sold-individually","12":"taxable","13":"shipping-taxable","14":"purchasable","15":"product-type-simple"},"_links":{"self":[{"href":"https:\/\/procurementsummit.de\/booking\/wp-json\/wp\/v2\/product\/495","targetHints":{"allow":["GET"]}}],"collection":[{"href":"https:\/\/procurementsummit.de\/booking\/wp-json\/wp\/v2\/product"}],"about":[{"href":"https:\/\/procurementsummit.de\/booking\/wp-json\/wp\/v2\/types\/product"}],"replies":[{"embeddable":true,"href":"https:\/\/procurementsummit.de\/booking\/wp-json\/wp\/v2\/comments?post=495"}],"wp:featuredmedia":[{"embeddable":true,"href":"https:\/\/procurementsummit.de\/booking\/wp-json\/wp\/v2\/media\/498"}],"wp:attachment":[{"href":"https:\/\/procurementsummit.de\/booking\/wp-json\/wp\/v2\/media?parent=495"}],"wp:term":[{"taxonomy":"product_brand","embeddable":true,"href":"https:\/\/procurementsummit.de\/booking\/wp-json\/wp\/v2\/product_brand?post=495"},{"taxonomy":"product_cat","embeddable":true,"href":"https:\/\/procurementsummit.de\/booking\/wp-json\/wp\/v2\/product_cat?post=495"},{"taxonomy":"product_tag","embeddable":true,"href":"https:\/\/procurementsummit.de\/booking\/wp-json\/wp\/v2\/product_tag?post=495"}],"curies":[{"name":"wp","href":"https:\/\/api.w.org\/{rel}","templated":true}]}}