{"id":513,"date":"2024-11-24T12:55:06","date_gmt":"2024-11-24T11:55:06","guid":{"rendered":"https:\/\/procurementsummit.de\/booking\/?post_type=product&#038;p=513"},"modified":"2026-03-30T17:57:43","modified_gmt":"2026-03-30T15:57:43","slug":"greifarmautomat","status":"publish","type":"product","link":"https:\/\/procurementsummit.de\/booking\/shop\/greifarmautomat\/","title":{"rendered":"Greifarmautomat"},"content":{"rendered":"<ul>\n<li><strong>Kapazit\u00e4t:<\/strong>\u00a0Der Greifarmautomat kann mit bis zu 300 Kugeln bef\u00fcllt werden, die f\u00fcr Besucher leicht zug\u00e4nglich sind.<\/li>\n<li><strong>Gr\u00f6\u00dfe:<\/strong>\u00a0Ideal f\u00fcr den Stand, der Platz ben\u00f6tigt, um eine aufregende Attraktion zu bieten und die Besucher anzuziehen.<\/li>\n<li><strong>Integration:<\/strong>\u00a0Der Automat kann nahtlos in euren Stand integriert werden, um das Besucherengagement zu erh\u00f6hen.<\/li>\n<li><strong>Besucherattraktion:<\/strong>\u00a0Bietet eine unterhaltsame M\u00f6glichkeit f\u00fcr die Besucher, Preise zu gewinnen, was zu mehr Interaktionen und Kontakten f\u00fchrt.<\/li>\n<li><strong>Ausstattung:<\/strong>\u00a0Der Automat wird mit allen notwendigen Komponenten geliefert, einschlie\u00dflich einer Anleitung zur Nutzung.<\/li>\n<\/ul>\n<p><strong>Die Gewinne m\u00fcssen vom Aussteller besorgt und in die Kapseln gef\u00fcllt werden.<\/strong><\/p>\n","protected":false},"excerpt":{"rendered":"<p>Kapazit\u00e4t:\u00a0Der Greifarmautomat kann mit bis zu 300 Kugeln bef\u00fcllt werden, die f\u00fcr Besucher leicht zug\u00e4nglich sind. Gr\u00f6\u00dfe:\u00a0Ideal f\u00fcr den Stand, der Platz ben\u00f6tigt, um eine aufregende Attraktion zu bieten und die Besucher anzuziehen. Integration:\u00a0Der Automat kann nahtlos in euren Stand integriert werden, um das Besucherengagement zu erh\u00f6hen. Besucherattraktion:\u00a0Bietet eine unterhaltsame M\u00f6glichkeit f\u00fcr die Besucher, Preise&hellip; <a class=\"more-link\" href=\"https:\/\/procurementsummit.de\/booking\/shop\/greifarmautomat\/\"><span class=\"screen-reader-text\">Greifarmautomat<\/span> weiterlesen<\/a><\/p>\n","protected":false},"featured_media":0,"comment_status":"open","ping_status":"closed","template":"","meta":[],"product_brand":[],"product_cat":[17],"product_tag":[],"class_list":{"0":"post-513","1":"product","2":"type-product","3":"status-publish","5":"product_cat-branding","6":"entry","8":"first","9":"outofstock","10":"sold-individually","11":"taxable","12":"shipping-taxable","13":"purchasable","14":"product-type-simple"},"_links":{"self":[{"href":"https:\/\/procurementsummit.de\/booking\/wp-json\/wp\/v2\/product\/513","targetHints":{"allow":["GET"]}}],"collection":[{"href":"https:\/\/procurementsummit.de\/booking\/wp-json\/wp\/v2\/product"}],"about":[{"href":"https:\/\/procurementsummit.de\/booking\/wp-json\/wp\/v2\/types\/product"}],"replies":[{"embeddable":true,"href":"https:\/\/procurementsummit.de\/booking\/wp-json\/wp\/v2\/comments?post=513"}],"wp:attachment":[{"href":"https:\/\/procurementsummit.de\/booking\/wp-json\/wp\/v2\/media?parent=513"}],"wp:term":[{"taxonomy":"product_brand","embeddable":true,"href":"https:\/\/procurementsummit.de\/booking\/wp-json\/wp\/v2\/product_brand?post=513"},{"taxonomy":"product_cat","embeddable":true,"href":"https:\/\/procurementsummit.de\/booking\/wp-json\/wp\/v2\/product_cat?post=513"},{"taxonomy":"product_tag","embeddable":true,"href":"https:\/\/procurementsummit.de\/booking\/wp-json\/wp\/v2\/product_tag?post=513"}],"curies":[{"name":"wp","href":"https:\/\/api.w.org\/{rel}","templated":true}]}}