{"id":516,"date":"2024-11-24T13:18:14","date_gmt":"2024-11-24T12:18:14","guid":{"rendered":"https:\/\/procurementsummit.de\/booking\/?post_type=product&#038;p=516"},"modified":"2024-11-24T13:18:14","modified_gmt":"2024-11-24T12:18:14","slug":"tischkicker","status":"publish","type":"product","link":"https:\/\/procurementsummit.de\/booking\/shop\/tischkicker\/","title":{"rendered":"Tischkicker"},"content":{"rendered":"<p>Ein Kickertisch bietet Spa\u00df und Unterhaltung auf jedem Event und bietet die Gelegenheit, mit den Kunden zun\u00e4chst eine Runde zu \u201ekickern\u201c und anschlie\u00dfend informative Gespr\u00e4che zu f\u00fchren.<\/p>\n<p>Inkl. Auf-\/Abbau, Material &amp; B\u00e4llen<\/p>\n<p>Der Tischkicker erweitert die Standfl\u00e4che um 6 qm.<\/p>\n","protected":false},"excerpt":{"rendered":"<p>Ein Kickertisch bietet Spa\u00df und Unterhaltung auf jedem Event und bietet die Gelegenheit, mit den Kunden zun\u00e4chst eine Runde zu \u201ekickern\u201c und anschlie\u00dfend informative Gespr\u00e4che zu f\u00fchren. Inkl. Auf-\/Abbau, Material &amp; B\u00e4llen Der Tischkicker erweitert die Standfl\u00e4che um 6 qm.<\/p>\n","protected":false},"featured_media":517,"comment_status":"open","ping_status":"closed","template":"","meta":[],"product_brand":[],"product_cat":[17],"product_tag":[],"class_list":{"0":"post-516","1":"product","2":"type-product","3":"status-publish","4":"has-post-thumbnail","6":"product_cat-branding","7":"entry","9":"first","10":"instock","11":"sold-individually","12":"taxable","13":"shipping-taxable","14":"purchasable","15":"product-type-simple"},"_links":{"self":[{"href":"https:\/\/procurementsummit.de\/booking\/wp-json\/wp\/v2\/product\/516","targetHints":{"allow":["GET"]}}],"collection":[{"href":"https:\/\/procurementsummit.de\/booking\/wp-json\/wp\/v2\/product"}],"about":[{"href":"https:\/\/procurementsummit.de\/booking\/wp-json\/wp\/v2\/types\/product"}],"replies":[{"embeddable":true,"href":"https:\/\/procurementsummit.de\/booking\/wp-json\/wp\/v2\/comments?post=516"}],"wp:featuredmedia":[{"embeddable":true,"href":"https:\/\/procurementsummit.de\/booking\/wp-json\/wp\/v2\/media\/517"}],"wp:attachment":[{"href":"https:\/\/procurementsummit.de\/booking\/wp-json\/wp\/v2\/media?parent=516"}],"wp:term":[{"taxonomy":"product_brand","embeddable":true,"href":"https:\/\/procurementsummit.de\/booking\/wp-json\/wp\/v2\/product_brand?post=516"},{"taxonomy":"product_cat","embeddable":true,"href":"https:\/\/procurementsummit.de\/booking\/wp-json\/wp\/v2\/product_cat?post=516"},{"taxonomy":"product_tag","embeddable":true,"href":"https:\/\/procurementsummit.de\/booking\/wp-json\/wp\/v2\/product_tag?post=516"}],"curies":[{"name":"wp","href":"https:\/\/api.w.org\/{rel}","templated":true}]}}