{"id":52,"date":"2021-10-28T16:01:47","date_gmt":"2021-10-28T14:01:47","guid":{"rendered":"https:\/\/procurementsummit.de\/packages\/?post_type=product&#038;p=52"},"modified":"2024-11-27T13:42:29","modified_gmt":"2024-11-27T12:42:29","slug":"startup-pitch-sponsoring","status":"publish","type":"product","link":"https:\/\/procurementsummit.de\/booking\/shop\/startup-pitch-sponsoring\/","title":{"rendered":"Startup Awards Sponsoring"},"content":{"rendered":"<p>Ihr wollt als innovativer Player im Markt wahrgenommen werden und die N\u00e4he zu jungen Startups und neuen L\u00f6sungen ist zentraler Bestandteil Eurer Unternehmens-Philosophie?<\/p>\n<p>Dann pr\u00e4sentiert exklusiv unsere sehr beliebten Startup-Pitches, welche auf unserer Hauptb\u00fchne veranstaltet werden. Ein Vertreter Eures Unternehmens moderiert die einzelnen Vortr\u00e4ge und \u00fcbergibt die Preise an die drei Gewinner. Dadurch generieret Ihr weitere Sichtbarkeit auf dem Event und auf unseren Social-Media Kan\u00e4len.<\/p>\n<p>&nbsp;<\/p>\n","protected":false},"excerpt":{"rendered":"<p>Ihr wollt als innovativer Player im Markt wahrgenommen werden und die N\u00e4he zu jungen Startups und neuen L\u00f6sungen ist zentraler Bestandteil Eurer Unternehmens-Philosophie? Dann pr\u00e4sentiert exklusiv unsere sehr beliebten Startup-Pitches, welche auf unserer Hauptb\u00fchne veranstaltet werden. Ein Vertreter Eures Unternehmens moderiert die einzelnen Vortr\u00e4ge und \u00fcbergibt die Preise an die drei Gewinner. Dadurch generieret Ihr&hellip; <a class=\"more-link\" href=\"https:\/\/procurementsummit.de\/booking\/shop\/startup-pitch-sponsoring\/\"><span class=\"screen-reader-text\">Startup Awards Sponsoring<\/span> weiterlesen<\/a><\/p>\n","protected":false},"featured_media":88,"comment_status":"open","ping_status":"closed","template":"","meta":[],"product_brand":[],"product_cat":[15],"product_tag":[],"class_list":{"0":"post-52","1":"product","2":"type-product","3":"status-publish","4":"has-post-thumbnail","6":"product_cat-sales-networking","7":"entry","9":"first","10":"instock","11":"sold-individually","12":"taxable","13":"shipping-taxable","14":"purchasable","15":"product-type-simple"},"_links":{"self":[{"href":"https:\/\/procurementsummit.de\/booking\/wp-json\/wp\/v2\/product\/52","targetHints":{"allow":["GET"]}}],"collection":[{"href":"https:\/\/procurementsummit.de\/booking\/wp-json\/wp\/v2\/product"}],"about":[{"href":"https:\/\/procurementsummit.de\/booking\/wp-json\/wp\/v2\/types\/product"}],"replies":[{"embeddable":true,"href":"https:\/\/procurementsummit.de\/booking\/wp-json\/wp\/v2\/comments?post=52"}],"wp:featuredmedia":[{"embeddable":true,"href":"https:\/\/procurementsummit.de\/booking\/wp-json\/wp\/v2\/media\/88"}],"wp:attachment":[{"href":"https:\/\/procurementsummit.de\/booking\/wp-json\/wp\/v2\/media?parent=52"}],"wp:term":[{"taxonomy":"product_brand","embeddable":true,"href":"https:\/\/procurementsummit.de\/booking\/wp-json\/wp\/v2\/product_brand?post=52"},{"taxonomy":"product_cat","embeddable":true,"href":"https:\/\/procurementsummit.de\/booking\/wp-json\/wp\/v2\/product_cat?post=52"},{"taxonomy":"product_tag","embeddable":true,"href":"https:\/\/procurementsummit.de\/booking\/wp-json\/wp\/v2\/product_tag?post=52"}],"curies":[{"name":"wp","href":"https:\/\/api.w.org\/{rel}","templated":true}]}}