{"id":524,"date":"2025-02-25T09:09:49","date_gmt":"2025-02-25T08:09:49","guid":{"rendered":"https:\/\/procurementsummit.de\/booking\/?post_type=product&#038;p=524"},"modified":"2025-11-04T12:02:05","modified_gmt":"2025-11-04T11:02:05","slug":"sushi-station","status":"publish","type":"product","link":"https:\/\/procurementsummit.de\/booking\/shop\/sushi-station\/","title":{"rendered":"Sushi-Station"},"content":{"rendered":"<p>Hebt Euren Stand auf das n\u00e4chste Level mit einer Sushi-Station! Unsere Profis bereiten vor Ort k\u00f6stliche, frische Sushirollen f\u00fcr Eure Besucher zu.<\/p>\n<p>3 Sorten inkl. vegetarisch\/vegane Option<\/p>\n<p>Ben\u00f6tigte Fl\u00e4che: ca. 6 m\u00b2, inklusive M\u00f6bel, Zubereitungsstation und geschultem Personal.<\/p>\n<p>Die Sushi-Station wird nahtlos in Euren Stand integriert und ist damit ein wahrer Publikumsmagnet!<\/p>\n","protected":false},"excerpt":{"rendered":"<p>Hebt Euren Stand auf das n\u00e4chste Level mit einer Sushi-Station! Unsere Profis bereiten vor Ort k\u00f6stliche, frische Sushirollen f\u00fcr Eure Besucher zu. 3 Sorten inkl. vegetarisch\/vegane Option Ben\u00f6tigte Fl\u00e4che: ca. 6 m\u00b2, inklusive M\u00f6bel, Zubereitungsstation und geschultem Personal. Die Sushi-Station wird nahtlos in Euren Stand integriert und ist damit ein wahrer Publikumsmagnet!<\/p>\n","protected":false},"featured_media":525,"comment_status":"open","ping_status":"closed","template":"","meta":[],"product_brand":[],"product_cat":[17],"product_tag":[],"class_list":{"0":"post-524","1":"product","2":"type-product","3":"status-publish","4":"has-post-thumbnail","6":"product_cat-branding","7":"entry","9":"first","10":"instock","11":"sold-individually","12":"taxable","13":"shipping-taxable","14":"purchasable","15":"product-type-simple"},"_links":{"self":[{"href":"https:\/\/procurementsummit.de\/booking\/wp-json\/wp\/v2\/product\/524","targetHints":{"allow":["GET"]}}],"collection":[{"href":"https:\/\/procurementsummit.de\/booking\/wp-json\/wp\/v2\/product"}],"about":[{"href":"https:\/\/procurementsummit.de\/booking\/wp-json\/wp\/v2\/types\/product"}],"replies":[{"embeddable":true,"href":"https:\/\/procurementsummit.de\/booking\/wp-json\/wp\/v2\/comments?post=524"}],"wp:featuredmedia":[{"embeddable":true,"href":"https:\/\/procurementsummit.de\/booking\/wp-json\/wp\/v2\/media\/525"}],"wp:attachment":[{"href":"https:\/\/procurementsummit.de\/booking\/wp-json\/wp\/v2\/media?parent=524"}],"wp:term":[{"taxonomy":"product_brand","embeddable":true,"href":"https:\/\/procurementsummit.de\/booking\/wp-json\/wp\/v2\/product_brand?post=524"},{"taxonomy":"product_cat","embeddable":true,"href":"https:\/\/procurementsummit.de\/booking\/wp-json\/wp\/v2\/product_cat?post=524"},{"taxonomy":"product_tag","embeddable":true,"href":"https:\/\/procurementsummit.de\/booking\/wp-json\/wp\/v2\/product_tag?post=524"}],"curies":[{"name":"wp","href":"https:\/\/api.w.org\/{rel}","templated":true}]}}