{"id":528,"date":"2025-02-25T09:51:53","date_gmt":"2025-02-25T08:51:53","guid":{"rendered":"https:\/\/procurementsummit.de\/booking\/?post_type=product&#038;p=528"},"modified":"2026-01-16T17:10:24","modified_gmt":"2026-01-16T16:10:24","slug":"hotdog-stand","status":"publish","type":"product","link":"https:\/\/procurementsummit.de\/booking\/shop\/hotdog-stand\/","title":{"rendered":"Hotdog Stand"},"content":{"rendered":"<p>Hebt Euren Stand auf das n\u00e4chste Level mit einem Hot Dog Stand! Unsere Profis bereiten vor Ort k\u00f6stliche, deftige Hotdogs f\u00fcr Eure Besucher zu.<\/p>\n<p>Die Hotdogs werden mit Gefl\u00fcgelw\u00fcrstchen zubereitet. Als Toppings stehen saure Gurken, R\u00f6stzwiebeln &amp; diverse Saucen zur Verf\u00fcgung.<br \/>\nVegetarische Option: Knusprige Gem\u00fcsetaler (Pakora) mit Minzdip<\/p>\n<p>Ben\u00f6tigte Fl\u00e4che: ca. 6 m\u00b2, inklusive M\u00f6bel, Zubereitungsstation, gebrandeter Hotdog Schalen und Koch.<\/p>\n<p>Der Hotdog Stand wird nahtlos in Euren Stand integriert und ist damit ein wahrer Publikumsmagnet!<\/p>\n","protected":false},"excerpt":{"rendered":"<p>Hebt Euren Stand auf das n\u00e4chste Level mit einem Hot Dog Stand! Unsere Profis bereiten vor Ort k\u00f6stliche, deftige Hotdogs f\u00fcr Eure Besucher zu. Die Hotdogs werden mit Gefl\u00fcgelw\u00fcrstchen zubereitet. Als Toppings stehen saure Gurken, R\u00f6stzwiebeln &amp; diverse Saucen zur Verf\u00fcgung. Vegetarische Option: Knusprige Gem\u00fcsetaler (Pakora) mit Minzdip Ben\u00f6tigte Fl\u00e4che: ca. 6 m\u00b2, inklusive M\u00f6bel,&hellip; <a class=\"more-link\" href=\"https:\/\/procurementsummit.de\/booking\/shop\/hotdog-stand\/\"><span class=\"screen-reader-text\">Hotdog Stand<\/span> weiterlesen<\/a><\/p>\n","protected":false},"featured_media":532,"comment_status":"open","ping_status":"closed","template":"","meta":[],"product_brand":[],"product_cat":[17],"product_tag":[],"class_list":{"0":"post-528","1":"product","2":"type-product","3":"status-publish","4":"has-post-thumbnail","6":"product_cat-branding","7":"entry","9":"first","10":"outofstock","11":"sold-individually","12":"taxable","13":"shipping-taxable","14":"purchasable","15":"product-type-simple"},"_links":{"self":[{"href":"https:\/\/procurementsummit.de\/booking\/wp-json\/wp\/v2\/product\/528","targetHints":{"allow":["GET"]}}],"collection":[{"href":"https:\/\/procurementsummit.de\/booking\/wp-json\/wp\/v2\/product"}],"about":[{"href":"https:\/\/procurementsummit.de\/booking\/wp-json\/wp\/v2\/types\/product"}],"replies":[{"embeddable":true,"href":"https:\/\/procurementsummit.de\/booking\/wp-json\/wp\/v2\/comments?post=528"}],"wp:featuredmedia":[{"embeddable":true,"href":"https:\/\/procurementsummit.de\/booking\/wp-json\/wp\/v2\/media\/532"}],"wp:attachment":[{"href":"https:\/\/procurementsummit.de\/booking\/wp-json\/wp\/v2\/media?parent=528"}],"wp:term":[{"taxonomy":"product_brand","embeddable":true,"href":"https:\/\/procurementsummit.de\/booking\/wp-json\/wp\/v2\/product_brand?post=528"},{"taxonomy":"product_cat","embeddable":true,"href":"https:\/\/procurementsummit.de\/booking\/wp-json\/wp\/v2\/product_cat?post=528"},{"taxonomy":"product_tag","embeddable":true,"href":"https:\/\/procurementsummit.de\/booking\/wp-json\/wp\/v2\/product_tag?post=528"}],"curies":[{"name":"wp","href":"https:\/\/api.w.org\/{rel}","templated":true}]}}