{"id":56,"date":"2021-10-28T16:06:06","date_gmt":"2021-10-28T14:06:06","guid":{"rendered":"https:\/\/procurementsummit.de\/packages\/?post_type=product&#038;p=56"},"modified":"2025-07-02T11:19:06","modified_gmt":"2025-07-02T09:19:06","slug":"kaffee-lounge-bar","status":"publish","type":"product","link":"https:\/\/procurementsummit.de\/booking\/shop\/kaffee-lounge-bar\/","title":{"rendered":"Kaffee Lounge Bar"},"content":{"rendered":"<p>Betreibt Eure eigene Kaffee-Bar mit Espresso und anderen Kaffeespezialit\u00e4ten.<br \/>\nGr\u00f6\u00dfe ca. 5 m\u00b2, inkl. M\u00f6bel, Kaffee und Personal.<\/p>\n<p>Die Kaffeebar wird in Euren Stand integriert und ist somit ein perfekter Besuchermagnet.<\/p>\n","protected":false},"excerpt":{"rendered":"<p>Betreibt Eure eigene Kaffee-Bar mit Espresso und anderen Kaffeespezialit\u00e4ten. Gr\u00f6\u00dfe ca. 5 m\u00b2, inkl. M\u00f6bel, Kaffee und Personal. Die Kaffeebar wird in Euren Stand integriert und ist somit ein perfekter Besuchermagnet.<\/p>\n","protected":false},"featured_media":84,"comment_status":"open","ping_status":"closed","template":"","meta":[],"product_brand":[],"product_cat":[17],"product_tag":[],"class_list":{"0":"post-56","1":"product","2":"type-product","3":"status-publish","4":"has-post-thumbnail","6":"product_cat-branding","7":"entry","9":"first","10":"outofstock","11":"sold-individually","12":"taxable","13":"shipping-taxable","14":"purchasable","15":"product-type-simple"},"_links":{"self":[{"href":"https:\/\/procurementsummit.de\/booking\/wp-json\/wp\/v2\/product\/56","targetHints":{"allow":["GET"]}}],"collection":[{"href":"https:\/\/procurementsummit.de\/booking\/wp-json\/wp\/v2\/product"}],"about":[{"href":"https:\/\/procurementsummit.de\/booking\/wp-json\/wp\/v2\/types\/product"}],"replies":[{"embeddable":true,"href":"https:\/\/procurementsummit.de\/booking\/wp-json\/wp\/v2\/comments?post=56"}],"wp:featuredmedia":[{"embeddable":true,"href":"https:\/\/procurementsummit.de\/booking\/wp-json\/wp\/v2\/media\/84"}],"wp:attachment":[{"href":"https:\/\/procurementsummit.de\/booking\/wp-json\/wp\/v2\/media?parent=56"}],"wp:term":[{"taxonomy":"product_brand","embeddable":true,"href":"https:\/\/procurementsummit.de\/booking\/wp-json\/wp\/v2\/product_brand?post=56"},{"taxonomy":"product_cat","embeddable":true,"href":"https:\/\/procurementsummit.de\/booking\/wp-json\/wp\/v2\/product_cat?post=56"},{"taxonomy":"product_tag","embeddable":true,"href":"https:\/\/procurementsummit.de\/booking\/wp-json\/wp\/v2\/product_tag?post=56"}],"curies":[{"name":"wp","href":"https:\/\/api.w.org\/{rel}","templated":true}]}}