{"id":560,"date":"2025-11-13T11:33:21","date_gmt":"2025-11-13T10:33:21","guid":{"rendered":"https:\/\/procurementsummit.de\/booking\/?post_type=product&#038;p=560"},"modified":"2025-11-13T11:46:02","modified_gmt":"2025-11-13T10:46:02","slug":"masterclass-push-notification","status":"publish","type":"product","link":"https:\/\/procurementsummit.de\/booking\/shop\/masterclass-push-notification\/","title":{"rendered":"Masterclass Push Notification"},"content":{"rendered":"<div>Steigert die Sichtbarkeit eurer Masterclass!<\/div>\n<div>\n<p>Erreicht alle Summit-Teilnehmer:innen direkt \u00fcber unsere Event-App: 10 Minuten vor Beginn eurer Session erhalten alle Besucher:innen eine Push Notification\u00a0und ihr sorgt so f\u00fcr maximale Aufmerksamkeit und volle Pl\u00e4tze.<\/p>\n<p>Dieses Feature ist exklusiv und nur f\u00fcr wenige Slots verf\u00fcgbar\u00a0&#8211; sichert euch jetzt euren Platz!<\/p>\n<\/div>\n","protected":false},"excerpt":{"rendered":"<p>Steigert die Sichtbarkeit eurer Masterclass! Erreicht alle Summit-Teilnehmer:innen direkt \u00fcber unsere Event-App: 10 Minuten vor Beginn eurer Session erhalten alle Besucher:innen eine Push Notification\u00a0und ihr sorgt so f\u00fcr maximale Aufmerksamkeit und volle Pl\u00e4tze. Dieses Feature ist exklusiv und nur f\u00fcr wenige Slots verf\u00fcgbar\u00a0&#8211; sichert euch jetzt euren Platz!<\/p>\n","protected":false},"featured_media":571,"comment_status":"open","ping_status":"closed","template":"","meta":[],"product_brand":[],"product_cat":[18],"product_tag":[],"class_list":{"0":"post-560","1":"product","2":"type-product","3":"status-publish","4":"has-post-thumbnail","6":"product_cat-content","7":"entry","9":"first","10":"instock","11":"sold-individually","12":"taxable","13":"shipping-taxable","14":"purchasable","15":"product-type-simple"},"_links":{"self":[{"href":"https:\/\/procurementsummit.de\/booking\/wp-json\/wp\/v2\/product\/560","targetHints":{"allow":["GET"]}}],"collection":[{"href":"https:\/\/procurementsummit.de\/booking\/wp-json\/wp\/v2\/product"}],"about":[{"href":"https:\/\/procurementsummit.de\/booking\/wp-json\/wp\/v2\/types\/product"}],"replies":[{"embeddable":true,"href":"https:\/\/procurementsummit.de\/booking\/wp-json\/wp\/v2\/comments?post=560"}],"wp:featuredmedia":[{"embeddable":true,"href":"https:\/\/procurementsummit.de\/booking\/wp-json\/wp\/v2\/media\/571"}],"wp:attachment":[{"href":"https:\/\/procurementsummit.de\/booking\/wp-json\/wp\/v2\/media?parent=560"}],"wp:term":[{"taxonomy":"product_brand","embeddable":true,"href":"https:\/\/procurementsummit.de\/booking\/wp-json\/wp\/v2\/product_brand?post=560"},{"taxonomy":"product_cat","embeddable":true,"href":"https:\/\/procurementsummit.de\/booking\/wp-json\/wp\/v2\/product_cat?post=560"},{"taxonomy":"product_tag","embeddable":true,"href":"https:\/\/procurementsummit.de\/booking\/wp-json\/wp\/v2\/product_tag?post=560"}],"curies":[{"name":"wp","href":"https:\/\/api.w.org\/{rel}","templated":true}]}}