{"id":573,"date":"2025-11-13T13:06:55","date_gmt":"2025-11-13T12:06:55","guid":{"rendered":"https:\/\/procurementsummit.de\/booking\/?post_type=product&#038;p=573"},"modified":"2026-02-17T13:57:14","modified_gmt":"2026-02-17T12:57:14","slug":"matcha-bar","status":"publish","type":"product","link":"https:\/\/procurementsummit.de\/booking\/shop\/matcha-bar\/","title":{"rendered":"Matcha-Bar"},"content":{"rendered":"<p data-start=\"0\" data-end=\"246\">Verw\u00f6hnt eure Besucher mit frisch zubereiteten Matcha-Drinks und schafft belebende Begegnungen direkt an eurem Stand! Die Matcha-Bar wird nahtlos in euren Summit-Auftritt integriert und sorgt garantiert f\u00fcr Aufmerksamkeit und positive Stimmung. Es werden 3 Sorten angeboten (Iced, Strawberry, Mango).<\/p>\n<p data-start=\"248\" data-end=\"464\">Inklusive: 6 m\u00b2 zus\u00e4tzliche Fl\u00e4che, komplettes Equipment, individuelles Branding, erfahrenes Personal \u2013 sowie 1000 Portionen f\u00fcr zwei Tage.<br data-start=\"386\" data-end=\"389\" \/>Mehr Genuss gef\u00e4llig? 100 zus\u00e4tzliche Portionen sind f\u00fcr 713 \u20ac zu buchbar.<\/p>\n<p data-start=\"466\" data-end=\"542\" data-is-last-node=\"\" data-is-only-node=\"\">Startet jetzt mit einem erfrischenden Highlight und maximaler Pr\u00e4senz durch!<\/p>\n","protected":false},"excerpt":{"rendered":"<p>Verw\u00f6hnt eure Besucher mit frisch zubereiteten Matcha-Drinks und schafft belebende Begegnungen direkt an eurem Stand! Die Matcha-Bar wird nahtlos in euren Summit-Auftritt integriert und sorgt garantiert f\u00fcr Aufmerksamkeit und positive Stimmung. Es werden 3 Sorten angeboten (Iced, Strawberry, Mango). Inklusive: 6 m\u00b2 zus\u00e4tzliche Fl\u00e4che, komplettes Equipment, individuelles Branding, erfahrenes Personal \u2013 sowie 1000 Portionen f\u00fcr&hellip; <a class=\"more-link\" href=\"https:\/\/procurementsummit.de\/booking\/shop\/matcha-bar\/\"><span class=\"screen-reader-text\">Matcha-Bar<\/span> weiterlesen<\/a><\/p>\n","protected":false},"featured_media":574,"comment_status":"open","ping_status":"closed","template":"","meta":[],"product_brand":[],"product_cat":[17],"product_tag":[],"class_list":{"0":"post-573","1":"product","2":"type-product","3":"status-publish","4":"has-post-thumbnail","6":"product_cat-branding","7":"entry","9":"first","10":"outofstock","11":"sold-individually","12":"taxable","13":"shipping-taxable","14":"purchasable","15":"product-type-simple"},"_links":{"self":[{"href":"https:\/\/procurementsummit.de\/booking\/wp-json\/wp\/v2\/product\/573","targetHints":{"allow":["GET"]}}],"collection":[{"href":"https:\/\/procurementsummit.de\/booking\/wp-json\/wp\/v2\/product"}],"about":[{"href":"https:\/\/procurementsummit.de\/booking\/wp-json\/wp\/v2\/types\/product"}],"replies":[{"embeddable":true,"href":"https:\/\/procurementsummit.de\/booking\/wp-json\/wp\/v2\/comments?post=573"}],"wp:featuredmedia":[{"embeddable":true,"href":"https:\/\/procurementsummit.de\/booking\/wp-json\/wp\/v2\/media\/574"}],"wp:attachment":[{"href":"https:\/\/procurementsummit.de\/booking\/wp-json\/wp\/v2\/media?parent=573"}],"wp:term":[{"taxonomy":"product_brand","embeddable":true,"href":"https:\/\/procurementsummit.de\/booking\/wp-json\/wp\/v2\/product_brand?post=573"},{"taxonomy":"product_cat","embeddable":true,"href":"https:\/\/procurementsummit.de\/booking\/wp-json\/wp\/v2\/product_cat?post=573"},{"taxonomy":"product_tag","embeddable":true,"href":"https:\/\/procurementsummit.de\/booking\/wp-json\/wp\/v2\/product_tag?post=573"}],"curies":[{"name":"wp","href":"https:\/\/api.w.org\/{rel}","templated":true}]}}