{"id":60,"date":"2021-10-28T16:09:38","date_gmt":"2021-10-28T14:09:38","guid":{"rendered":"https:\/\/procurementsummit.de\/packages\/?post_type=product&#038;p=60"},"modified":"2024-01-22T10:21:02","modified_gmt":"2024-01-22T09:21:02","slug":"10-minuetige-masterclass-live-demo","status":"publish","type":"product","link":"https:\/\/procurementsummit.de\/booking\/shop\/10-minuetige-masterclass-live-demo\/","title":{"rendered":"10 min\u00fctige Masterclass &#8211; Live Demo"},"content":{"rendered":"<p>Pr\u00e4sentiert auf unserer Masterclass-B\u00fchne live Eure Plattform und L\u00f6sung. Ohne Powerpoint und andere Pr\u00e4sentationsformate bietet Ihr den Besuchern und Teilnehmern einen direkten Einblick in Euer Produkt.<\/p>\n<p>Die Demo-Session wird im offiziellen Programm der Konferenz gef\u00fchrt und beworben. Zus\u00e4tzlich erhaltet Ihr im Anschluss eine Liste der anwesenden Zuh\u00f6rer (inkl. E-Mail-Adressen).<\/p>\n<p>Teilnehmeranzahl bis zu 100 Personen.<\/p>\n","protected":false},"excerpt":{"rendered":"<p>Pr\u00e4sentiert auf unserer Masterclass-B\u00fchne live Eure Plattform und L\u00f6sung. Ohne Powerpoint und andere Pr\u00e4sentationsformate bietet Ihr den Besuchern und Teilnehmern einen direkten Einblick in Euer Produkt. Die Demo-Session wird im offiziellen Programm der Konferenz gef\u00fchrt und beworben. Zus\u00e4tzlich erhaltet Ihr im Anschluss eine Liste der anwesenden Zuh\u00f6rer (inkl. E-Mail-Adressen). Teilnehmeranzahl bis zu 100 Personen.<\/p>\n","protected":false},"featured_media":91,"comment_status":"open","ping_status":"closed","template":"","meta":[],"product_brand":[],"product_cat":[18],"product_tag":[],"class_list":{"0":"post-60","1":"product","2":"type-product","3":"status-publish","4":"has-post-thumbnail","6":"product_cat-content","7":"entry","9":"first","10":"instock","11":"sold-individually","12":"taxable","13":"shipping-taxable","14":"purchasable","15":"product-type-simple"},"_links":{"self":[{"href":"https:\/\/procurementsummit.de\/booking\/wp-json\/wp\/v2\/product\/60","targetHints":{"allow":["GET"]}}],"collection":[{"href":"https:\/\/procurementsummit.de\/booking\/wp-json\/wp\/v2\/product"}],"about":[{"href":"https:\/\/procurementsummit.de\/booking\/wp-json\/wp\/v2\/types\/product"}],"replies":[{"embeddable":true,"href":"https:\/\/procurementsummit.de\/booking\/wp-json\/wp\/v2\/comments?post=60"}],"wp:featuredmedia":[{"embeddable":true,"href":"https:\/\/procurementsummit.de\/booking\/wp-json\/wp\/v2\/media\/91"}],"wp:attachment":[{"href":"https:\/\/procurementsummit.de\/booking\/wp-json\/wp\/v2\/media?parent=60"}],"wp:term":[{"taxonomy":"product_brand","embeddable":true,"href":"https:\/\/procurementsummit.de\/booking\/wp-json\/wp\/v2\/product_brand?post=60"},{"taxonomy":"product_cat","embeddable":true,"href":"https:\/\/procurementsummit.de\/booking\/wp-json\/wp\/v2\/product_cat?post=60"},{"taxonomy":"product_tag","embeddable":true,"href":"https:\/\/procurementsummit.de\/booking\/wp-json\/wp\/v2\/product_tag?post=60"}],"curies":[{"name":"wp","href":"https:\/\/api.w.org\/{rel}","templated":true}]}}