{"id":67,"date":"2021-11-01T14:59:08","date_gmt":"2021-11-01T13:59:08","guid":{"rendered":"https:\/\/procurementsummit.de\/packages\/?post_type=product&#038;p=67"},"modified":"2025-11-13T11:39:41","modified_gmt":"2025-11-13T10:39:41","slug":"zusaetzliche-flaeche-fuer-ihren-messestand","status":"publish","type":"product","link":"https:\/\/procurementsummit.de\/booking\/shop\/zusaetzliche-flaeche-fuer-ihren-messestand\/","title":{"rendered":"Zus\u00e4tzliche Fl\u00e4che f\u00fcr Ihren Messestand"},"content":{"rendered":"<p>Zus\u00e4tzliche Fl\u00e4che f\u00fcr Euren Messestand<\/p>\n<p>1010,50 EUR\/m\u00b2<\/p>\n","protected":false},"excerpt":{"rendered":"<p>Zus\u00e4tzliche Fl\u00e4che f\u00fcr Euren Messestand 1010,50 EUR\/m\u00b2<\/p>\n","protected":false},"featured_media":38,"comment_status":"open","ping_status":"closed","template":"","meta":[],"product_brand":[],"product_cat":[15],"product_tag":[],"class_list":{"0":"post-67","1":"product","2":"type-product","3":"status-publish","4":"has-post-thumbnail","6":"product_cat-sales-networking","7":"entry","9":"first","10":"instock","11":"sold-individually","12":"taxable","13":"shipping-taxable","14":"purchasable","15":"product-type-variable"},"_links":{"self":[{"href":"https:\/\/procurementsummit.de\/booking\/wp-json\/wp\/v2\/product\/67","targetHints":{"allow":["GET"]}}],"collection":[{"href":"https:\/\/procurementsummit.de\/booking\/wp-json\/wp\/v2\/product"}],"about":[{"href":"https:\/\/procurementsummit.de\/booking\/wp-json\/wp\/v2\/types\/product"}],"replies":[{"embeddable":true,"href":"https:\/\/procurementsummit.de\/booking\/wp-json\/wp\/v2\/comments?post=67"}],"wp:featuredmedia":[{"embeddable":true,"href":"https:\/\/procurementsummit.de\/booking\/wp-json\/wp\/v2\/media\/38"}],"wp:attachment":[{"href":"https:\/\/procurementsummit.de\/booking\/wp-json\/wp\/v2\/media?parent=67"}],"wp:term":[{"taxonomy":"product_brand","embeddable":true,"href":"https:\/\/procurementsummit.de\/booking\/wp-json\/wp\/v2\/product_brand?post=67"},{"taxonomy":"product_cat","embeddable":true,"href":"https:\/\/procurementsummit.de\/booking\/wp-json\/wp\/v2\/product_cat?post=67"},{"taxonomy":"product_tag","embeddable":true,"href":"https:\/\/procurementsummit.de\/booking\/wp-json\/wp\/v2\/product_tag?post=67"}],"curies":[{"name":"wp","href":"https:\/\/api.w.org\/{rel}","templated":true}]}}