{"id":92,"date":"2021-11-10T10:47:29","date_gmt":"2021-11-10T09:47:29","guid":{"rendered":"https:\/\/procurementsummit.de\/packages\/?post_type=product&#038;p=92"},"modified":"2025-12-08T11:10:19","modified_gmt":"2025-12-08T10:10:19","slug":"speakers-dinner","status":"publish","type":"product","link":"https:\/\/procurementsummit.de\/booking\/shop\/speakers-dinner\/","title":{"rendered":"Exklusives Sponsoring des Speakers Dinner"},"content":{"rendered":"<p class=\"p1\">Das Procurement Summit Speakers Dinner findet am Vorabend des ersten Konferenztages statt.<\/p>\n<p class=\"p1\">Wir erwarten mindestens 150 Speaker und VIP-G\u00e4ste.<\/p>\n<p class=\"p1\">Es handelt sich hierbei wahrscheinlich um eines der ran<span class=\"s1\">gh\u00f6chsten Events im deutschen Einkauf. Als Aussteller haben Sie die M\u00f6glichkeit, drei weitere G\u00e4ste mitzubringen<\/span> und die Sitzordnung zweier Tische mit Teilnehmenden Ihrer Wahl zu bestimmen. Au\u00dferdem k\u00f6nnen Sie eine Er\u00f6ffnungsrede halten, wenn es gew\u00fcnscht ist.<\/p>\n","protected":false},"excerpt":{"rendered":"<p>Das Procurement Summit Speakers Dinner findet am Vorabend des ersten Konferenztages statt. Wir erwarten mindestens 150 Speaker und VIP-G\u00e4ste. Es handelt sich hierbei wahrscheinlich um eines der rangh\u00f6chsten Events im deutschen Einkauf. Als Aussteller haben Sie die M\u00f6glichkeit, drei weitere G\u00e4ste mitzubringen und die Sitzordnung zweier Tische mit Teilnehmenden Ihrer Wahl zu bestimmen. Au\u00dferdem k\u00f6nnen&hellip; <a class=\"more-link\" href=\"https:\/\/procurementsummit.de\/booking\/shop\/speakers-dinner\/\"><span class=\"screen-reader-text\">Exklusives Sponsoring des Speakers Dinner<\/span> weiterlesen<\/a><\/p>\n","protected":false},"featured_media":93,"comment_status":"open","ping_status":"closed","template":"","meta":[],"product_brand":[],"product_cat":[15],"product_tag":[],"class_list":{"0":"post-92","1":"product","2":"type-product","3":"status-publish","4":"has-post-thumbnail","6":"product_cat-sales-networking","7":"entry","9":"first","10":"instock","11":"sold-individually","12":"taxable","13":"shipping-taxable","14":"purchasable","15":"product-type-simple"},"_links":{"self":[{"href":"https:\/\/procurementsummit.de\/booking\/wp-json\/wp\/v2\/product\/92","targetHints":{"allow":["GET"]}}],"collection":[{"href":"https:\/\/procurementsummit.de\/booking\/wp-json\/wp\/v2\/product"}],"about":[{"href":"https:\/\/procurementsummit.de\/booking\/wp-json\/wp\/v2\/types\/product"}],"replies":[{"embeddable":true,"href":"https:\/\/procurementsummit.de\/booking\/wp-json\/wp\/v2\/comments?post=92"}],"wp:featuredmedia":[{"embeddable":true,"href":"https:\/\/procurementsummit.de\/booking\/wp-json\/wp\/v2\/media\/93"}],"wp:attachment":[{"href":"https:\/\/procurementsummit.de\/booking\/wp-json\/wp\/v2\/media?parent=92"}],"wp:term":[{"taxonomy":"product_brand","embeddable":true,"href":"https:\/\/procurementsummit.de\/booking\/wp-json\/wp\/v2\/product_brand?post=92"},{"taxonomy":"product_cat","embeddable":true,"href":"https:\/\/procurementsummit.de\/booking\/wp-json\/wp\/v2\/product_cat?post=92"},{"taxonomy":"product_tag","embeddable":true,"href":"https:\/\/procurementsummit.de\/booking\/wp-json\/wp\/v2\/product_tag?post=92"}],"curies":[{"name":"wp","href":"https:\/\/api.w.org\/{rel}","templated":true}]}}